{"id":5688,"date":"2023-08-21T10:08:22","date_gmt":"2023-08-21T10:08:22","guid":{"rendered":"https:\/\/cogitamus.co.uk\/ein-tim\/peter-plisner"},"modified":"2023-08-21T10:08:25","modified_gmt":"2023-08-21T10:08:25","slug":"peter-plisner","status":"publish","type":"page","link":"https:\/\/cogitamus.co.uk\/cy\/ein-tim\/peter-plisner","title":{"rendered":"Peter Plisner"},"content":{"rendered":"\t\t<div data-elementor-type=\"wp-page\" data-elementor-id=\"5688\" class=\"elementor elementor-5688\" data-elementor-post-type=\"page\">\n\t\t\t\t\t\t<section class=\"elementor-section elementor-top-section elementor-element elementor-element-a769898 elementor-section-content-top elementor-section-boxed elementor-section-height-default elementor-section-height-default\" data-id=\"a769898\" data-element_type=\"section\" data-e-type=\"section\" data-settings=\"{&quot;background_background&quot;:&quot;classic&quot;}\">\n\t\t\t\t\t\t<div class=\"elementor-container elementor-column-gap-default\">\n\t\t\t\t\t<div class=\"elementor-column elementor-col-50 elementor-top-column elementor-element elementor-element-94e8d5b\" data-id=\"94e8d5b\" data-element_type=\"column\" data-e-type=\"column\">\n\t\t\t<div class=\"elementor-widget-wrap elementor-element-populated\">\n\t\t\t\t\t\t<div class=\"elementor-element elementor-element-f71faf8 elementor-widget elementor-widget-image\" data-id=\"f71faf8\" data-element_type=\"widget\" data-e-type=\"widget\" data-widget_type=\"image.default\">\n\t\t\t\t<div class=\"elementor-widget-container\">\n\t\t\t\t\t\t\t\t\t\t\t\t\t\t\t\t<a href=\"https:\/\/i0.wp.com\/cogitamus.co.uk\/wp-content\/uploads\/2023\/08\/Pete-Plisner.jpg?ssl=1\" data-elementor-open-lightbox=\"yes\" data-elementor-lightbox-title=\"Pete-Plisner\" data-e-action-hash=\"#elementor-action%3Aaction%3Dlightbox%26settings%3DeyJpZCI6NTYxMywidXJsIjoiaHR0cHM6XC9cL2NvZ2l0YW11cy5jby51a1wvd3AtY29udGVudFwvdXBsb2Fkc1wvMjAyM1wvMDhcL1BldGUtUGxpc25lci5qcGcifQ%3D%3D\">\n\t\t\t\t\t\t\t<img fetchpriority=\"high\" decoding=\"async\" width=\"300\" height=\"300\" src=\"https:\/\/i0.wp.com\/cogitamus.co.uk\/wp-content\/uploads\/2023\/08\/Pete-Plisner.jpg?fit=300%2C300&amp;ssl=1\" class=\"attachment-medium size-medium wp-image-5613\" alt=\"\" srcset=\"https:\/\/i0.wp.com\/cogitamus.co.uk\/wp-content\/uploads\/2023\/08\/Pete-Plisner.jpg?w=1153&amp;ssl=1 1153w, https:\/\/i0.wp.com\/cogitamus.co.uk\/wp-content\/uploads\/2023\/08\/Pete-Plisner.jpg?resize=300%2C300&amp;ssl=1 300w, https:\/\/i0.wp.com\/cogitamus.co.uk\/wp-content\/uploads\/2023\/08\/Pete-Plisner.jpg?resize=1024%2C1024&amp;ssl=1 1024w, https:\/\/i0.wp.com\/cogitamus.co.uk\/wp-content\/uploads\/2023\/08\/Pete-Plisner.jpg?resize=92%2C92&amp;ssl=1 92w, https:\/\/i0.wp.com\/cogitamus.co.uk\/wp-content\/uploads\/2023\/08\/Pete-Plisner.jpg?resize=768%2C768&amp;ssl=1 768w, https:\/\/i0.wp.com\/cogitamus.co.uk\/wp-content\/uploads\/2023\/08\/Pete-Plisner.jpg?resize=200%2C200&amp;ssl=1 200w, https:\/\/i0.wp.com\/cogitamus.co.uk\/wp-content\/uploads\/2023\/08\/Pete-Plisner.jpg?resize=600%2C600&amp;ssl=1 600w, https:\/\/i0.wp.com\/cogitamus.co.uk\/wp-content\/uploads\/2023\/08\/Pete-Plisner.jpg?resize=100%2C100&amp;ssl=1 100w\" sizes=\"(max-width: 300px) 100vw, 300px\" \/>\t\t\t\t\t\t\t\t<\/a>\n\t\t\t\t\t\t\t\t\t\t\t\t\t\t\t<\/div>\n\t\t\t\t<\/div>\n\t\t\t\t<div class=\"elementor-element elementor-element-9fd3e5f elementor-widget elementor-widget-heading\" data-id=\"9fd3e5f\" data-element_type=\"widget\" data-e-type=\"widget\" data-widget_type=\"heading.default\">\n\t\t\t\t<div class=\"elementor-widget-container\">\n\t\t\t\t\t<h3 class=\"elementor-heading-title elementor-size-default\">Ymgynghorydd cyswllt<\/h3>\t\t\t\t<\/div>\n\t\t\t\t<\/div>\n\t\t\t\t\t<\/div>\n\t\t<\/div>\n\t\t\t\t<div class=\"elementor-column elementor-col-50 elementor-top-column elementor-element elementor-element-122c0af\" data-id=\"122c0af\" data-element_type=\"column\" data-e-type=\"column\">\n\t\t\t<div class=\"elementor-widget-wrap elementor-element-populated\">\n\t\t\t\t\t\t<div class=\"elementor-element elementor-element-64194fd h3 elementor-widget elementor-widget-text-editor\" data-id=\"64194fd\" data-element_type=\"widget\" data-e-type=\"widget\" data-widget_type=\"text-editor.default\">\n\t\t\t\t<div class=\"elementor-widget-container\">\n\t\t\t\t\t\t\t\t\t<p><em>Ymunodd Peter Plisner \u00e2 th\u00eem Cogitamus yn 2022 gan ddod \u00e2&#8217;i brofiad helaeth o drafnidiaeth ynghyd ag arbenigedd y cyfryngau a gafwyd o weithio ym maes darlledu ar gyfer y BBC a chwmn\u00efau annibynnol.<\/em><\/p>\n\t\t\t\t\t\t\t\t<\/div>\n\t\t\t\t<\/div>\n\t\t\t\t\t<\/div>\n\t\t<\/div>\n\t\t\t\t\t<\/div>\n\t\t<\/section>\n\t\t\t\t<section class=\"elementor-section elementor-top-section elementor-element elementor-element-54a7fa2 elementor-section-boxed elementor-section-height-default elementor-section-height-default\" data-id=\"54a7fa2\" data-element_type=\"section\" data-e-type=\"section\">\n\t\t\t\t\t\t<div class=\"elementor-container elementor-column-gap-default\">\n\t\t\t\t\t<div class=\"elementor-column elementor-col-100 elementor-top-column elementor-element elementor-element-84ee851\" data-id=\"84ee851\" data-element_type=\"column\" data-e-type=\"column\">\n\t\t\t<div class=\"elementor-widget-wrap elementor-element-populated\">\n\t\t\t\t\t\t<div class=\"elementor-element elementor-element-adcf92f elementor-widget elementor-widget-text-editor\" data-id=\"adcf92f\" data-element_type=\"widget\" data-e-type=\"widget\" data-widget_type=\"text-editor.default\">\n\t\t\t\t<div class=\"elementor-widget-container\">\n\t\t\t\t\t\t\t\t\t<p>Yn newyddiadurwr am fwy na 40 mlynedd yn arbenigo mewn trafnidiaeth am ran helaeth o&#8217;r amser hwnnw, dechreuodd gyrfa ddarlledu Peter Plisner mewn radio lleol annibynnol cyn gweithio i amrywiaeth o sianeli cenedlaethol.<\/p>\n<p>Bu&#8217;n ohebydd ariannol ar gyfer Independent Radio News ac yn ohebydd i&#8217;r BBC, gan arbenigo&#8217;n gyntaf mewn trafnidiaeth ac yn ddiweddarach mewn sylw busnes dros yrfa 30 mlynedd tan 2020. Mae Peter wedi gweithio ar draws pob platfform cyfryngau gan gynnwys radio, teledu a gwasanaethau ar-lein.<\/p>\n<p>Mae Peter wedi astudio trafnidiaeth yn academaidd, gan ennill rhagoriaeth MSc mewn cynllunio trafnidiaeth.<\/p>\n\t\t\t\t\t\t\t\t<\/div>\n\t\t\t\t<\/div>\n\t\t\t\t\t<\/div>\n\t\t<\/div>\n\t\t\t\t\t<\/div>\n\t\t<\/section>\n\t\t\t\t<\/div>\n\t\t","protected":false},"excerpt":{"rendered":"<p>Ymgynghorydd cyswllt Ymunodd Peter Plisner \u00e2 th\u00eem Cogitamus yn 2022 gan ddod \u00e2&#8217;i brofiad helaeth o drafnidiaeth ynghyd ag arbenigedd y cyfryngau a gafwyd o weithio ym maes darlledu ar gyfer y BBC a chwmn\u00efau annibynnol. Yn newyddiadurwr am fwy na 40 mlynedd yn arbenigo mewn trafnidiaeth am ran helaeth o&#8217;r amser hwnnw, dechreuodd gyrfa [&hellip;]<\/p>\n","protected":false},"author":1,"featured_media":0,"parent":3046,"menu_order":0,"comment_status":"closed","ping_status":"closed","template":"","meta":{"inline_featured_image":false,"_monsterinsights_skip_tracking":false,"_monsterinsights_sitenote_active":false,"_monsterinsights_sitenote_note":"","_monsterinsights_sitenote_category":0,"footnotes":""},"class_list":["post-5688","page","type-page","status-publish","hentry"],"yoast_head":"<!-- This site is optimized with the Yoast SEO plugin v27.4 - https:\/\/yoast.com\/product\/yoast-seo-wordpress\/ -->\n<title>Peter Plisner - Cogitamus<\/title>\n<meta name=\"robots\" content=\"index, follow, max-snippet:-1, max-image-preview:large, max-video-preview:-1\" \/>\n<link rel=\"canonical\" href=\"https:\/\/cogitamus.co.uk\/cy\/ein-tim\/peter-plisner\" \/>\n<meta property=\"og:locale\" content=\"cy_GB\" \/>\n<meta property=\"og:type\" content=\"article\" \/>\n<meta property=\"og:title\" content=\"Peter Plisner - Cogitamus\" \/>\n<meta property=\"og:description\" content=\"Ymgynghorydd cyswllt Ymunodd Peter Plisner \u00e2 th\u00eem Cogitamus yn 2022 gan ddod \u00e2&#8217;i brofiad helaeth o drafnidiaeth ynghyd ag arbenigedd y cyfryngau a gafwyd o weithio ym maes darlledu ar gyfer y BBC a chwmn\u00efau annibynnol. Yn newyddiadurwr am fwy na 40 mlynedd yn arbenigo mewn trafnidiaeth am ran helaeth o&#8217;r amser hwnnw, dechreuodd gyrfa [&hellip;]\" \/>\n<meta property=\"og:url\" content=\"https:\/\/cogitamus.co.uk\/cy\/ein-tim\/peter-plisner\" \/>\n<meta property=\"og:site_name\" content=\"Cogitamus\" \/>\n<meta property=\"article:modified_time\" content=\"2023-08-21T10:08:25+00:00\" \/>\n<meta property=\"og:image\" content=\"https:\/\/cogitamus.co.uk\/wp-content\/uploads\/2023\/08\/Pete-Plisner-300x300.jpg\" \/>\n<meta name=\"twitter:label1\" content=\"Est. reading time\" \/>\n\t<meta name=\"twitter:data1\" content=\"1 minute\" \/>\n<script type=\"application\/ld+json\" class=\"yoast-schema-graph\">{\"@context\":\"https:\\\/\\\/schema.org\",\"@graph\":[{\"@type\":\"WebPage\",\"@id\":\"https:\\\/\\\/cogitamus.co.uk\\\/cy\\\/ein-tim\\\/peter-plisner\",\"url\":\"https:\\\/\\\/cogitamus.co.uk\\\/cy\\\/ein-tim\\\/peter-plisner\",\"name\":\"Peter Plisner - Cogitamus\",\"isPartOf\":{\"@id\":\"https:\\\/\\\/cogitamus.co.uk\\\/cy#website\"},\"primaryImageOfPage\":{\"@id\":\"https:\\\/\\\/cogitamus.co.uk\\\/cy\\\/ein-tim\\\/peter-plisner#primaryimage\"},\"image\":{\"@id\":\"https:\\\/\\\/cogitamus.co.uk\\\/cy\\\/ein-tim\\\/peter-plisner#primaryimage\"},\"thumbnailUrl\":\"https:\\\/\\\/cogitamus.co.uk\\\/wp-content\\\/uploads\\\/2023\\\/08\\\/Pete-Plisner-300x300.jpg\",\"datePublished\":\"2023-08-21T10:08:22+00:00\",\"dateModified\":\"2023-08-21T10:08:25+00:00\",\"breadcrumb\":{\"@id\":\"https:\\\/\\\/cogitamus.co.uk\\\/cy\\\/ein-tim\\\/peter-plisner#breadcrumb\"},\"inLanguage\":\"cy-GB\",\"potentialAction\":[{\"@type\":\"ReadAction\",\"target\":[\"https:\\\/\\\/cogitamus.co.uk\\\/cy\\\/ein-tim\\\/peter-plisner\"]}]},{\"@type\":\"ImageObject\",\"inLanguage\":\"cy-GB\",\"@id\":\"https:\\\/\\\/cogitamus.co.uk\\\/cy\\\/ein-tim\\\/peter-plisner#primaryimage\",\"url\":\"https:\\\/\\\/cogitamus.co.uk\\\/wp-content\\\/uploads\\\/2023\\\/08\\\/Pete-Plisner-300x300.jpg\",\"contentUrl\":\"https:\\\/\\\/cogitamus.co.uk\\\/wp-content\\\/uploads\\\/2023\\\/08\\\/Pete-Plisner-300x300.jpg\"},{\"@type\":\"BreadcrumbList\",\"@id\":\"https:\\\/\\\/cogitamus.co.uk\\\/cy\\\/ein-tim\\\/peter-plisner#breadcrumb\",\"itemListElement\":[{\"@type\":\"ListItem\",\"position\":1,\"name\":\"Home\",\"item\":\"https:\\\/\\\/cogitamus.co.uk\\\/cy\"},{\"@type\":\"ListItem\",\"position\":2,\"name\":\"Ein t\u00eem\",\"item\":\"https:\\\/\\\/cogitamus.co.uk\\\/cy\\\/biographies\"},{\"@type\":\"ListItem\",\"position\":3,\"name\":\"Peter Plisner\"}]},{\"@type\":\"WebSite\",\"@id\":\"https:\\\/\\\/cogitamus.co.uk\\\/cy#website\",\"url\":\"https:\\\/\\\/cogitamus.co.uk\\\/cy\",\"name\":\"Cogitamus\",\"description\":\"think. plan. do.\",\"potentialAction\":[{\"@type\":\"SearchAction\",\"target\":{\"@type\":\"EntryPoint\",\"urlTemplate\":\"https:\\\/\\\/cogitamus.co.uk\\\/cy?s={search_term_string}\"},\"query-input\":{\"@type\":\"PropertyValueSpecification\",\"valueRequired\":true,\"valueName\":\"search_term_string\"}}],\"inLanguage\":\"cy-GB\"}]}<\/script>\n<!-- \/ Yoast SEO plugin. -->","yoast_head_json":{"title":"Peter Plisner - Cogitamus","robots":{"index":"index","follow":"follow","max-snippet":"max-snippet:-1","max-image-preview":"max-image-preview:large","max-video-preview":"max-video-preview:-1"},"canonical":"https:\/\/cogitamus.co.uk\/cy\/ein-tim\/peter-plisner","og_locale":"cy_GB","og_type":"article","og_title":"Peter Plisner - Cogitamus","og_description":"Ymgynghorydd cyswllt Ymunodd Peter Plisner \u00e2 th\u00eem Cogitamus yn 2022 gan ddod \u00e2&#8217;i brofiad helaeth o drafnidiaeth ynghyd ag arbenigedd y cyfryngau a gafwyd o weithio ym maes darlledu ar gyfer y BBC a chwmn\u00efau annibynnol. Yn newyddiadurwr am fwy na 40 mlynedd yn arbenigo mewn trafnidiaeth am ran helaeth o&#8217;r amser hwnnw, dechreuodd gyrfa [&hellip;]","og_url":"https:\/\/cogitamus.co.uk\/cy\/ein-tim\/peter-plisner","og_site_name":"Cogitamus","article_modified_time":"2023-08-21T10:08:25+00:00","og_image":[{"url":"https:\/\/cogitamus.co.uk\/wp-content\/uploads\/2023\/08\/Pete-Plisner-300x300.jpg","type":"","width":"","height":""}],"twitter_misc":{"Est. reading time":"1 minute"},"schema":{"@context":"https:\/\/schema.org","@graph":[{"@type":"WebPage","@id":"https:\/\/cogitamus.co.uk\/cy\/ein-tim\/peter-plisner","url":"https:\/\/cogitamus.co.uk\/cy\/ein-tim\/peter-plisner","name":"Peter Plisner - Cogitamus","isPartOf":{"@id":"https:\/\/cogitamus.co.uk\/cy#website"},"primaryImageOfPage":{"@id":"https:\/\/cogitamus.co.uk\/cy\/ein-tim\/peter-plisner#primaryimage"},"image":{"@id":"https:\/\/cogitamus.co.uk\/cy\/ein-tim\/peter-plisner#primaryimage"},"thumbnailUrl":"https:\/\/cogitamus.co.uk\/wp-content\/uploads\/2023\/08\/Pete-Plisner-300x300.jpg","datePublished":"2023-08-21T10:08:22+00:00","dateModified":"2023-08-21T10:08:25+00:00","breadcrumb":{"@id":"https:\/\/cogitamus.co.uk\/cy\/ein-tim\/peter-plisner#breadcrumb"},"inLanguage":"cy-GB","potentialAction":[{"@type":"ReadAction","target":["https:\/\/cogitamus.co.uk\/cy\/ein-tim\/peter-plisner"]}]},{"@type":"ImageObject","inLanguage":"cy-GB","@id":"https:\/\/cogitamus.co.uk\/cy\/ein-tim\/peter-plisner#primaryimage","url":"https:\/\/cogitamus.co.uk\/wp-content\/uploads\/2023\/08\/Pete-Plisner-300x300.jpg","contentUrl":"https:\/\/cogitamus.co.uk\/wp-content\/uploads\/2023\/08\/Pete-Plisner-300x300.jpg"},{"@type":"BreadcrumbList","@id":"https:\/\/cogitamus.co.uk\/cy\/ein-tim\/peter-plisner#breadcrumb","itemListElement":[{"@type":"ListItem","position":1,"name":"Home","item":"https:\/\/cogitamus.co.uk\/cy"},{"@type":"ListItem","position":2,"name":"Ein t\u00eem","item":"https:\/\/cogitamus.co.uk\/cy\/biographies"},{"@type":"ListItem","position":3,"name":"Peter Plisner"}]},{"@type":"WebSite","@id":"https:\/\/cogitamus.co.uk\/cy#website","url":"https:\/\/cogitamus.co.uk\/cy","name":"Cogitamus","description":"think. plan. do.","potentialAction":[{"@type":"SearchAction","target":{"@type":"EntryPoint","urlTemplate":"https:\/\/cogitamus.co.uk\/cy?s={search_term_string}"},"query-input":{"@type":"PropertyValueSpecification","valueRequired":true,"valueName":"search_term_string"}}],"inLanguage":"cy-GB"}]}},"jetpack_sharing_enabled":true,"_links":{"self":[{"href":"https:\/\/cogitamus.co.uk\/cy\/wp-json\/wp\/v2\/pages\/5688","targetHints":{"allow":["GET"]}}],"collection":[{"href":"https:\/\/cogitamus.co.uk\/cy\/wp-json\/wp\/v2\/pages"}],"about":[{"href":"https:\/\/cogitamus.co.uk\/cy\/wp-json\/wp\/v2\/types\/page"}],"author":[{"embeddable":true,"href":"https:\/\/cogitamus.co.uk\/cy\/wp-json\/wp\/v2\/users\/1"}],"replies":[{"embeddable":true,"href":"https:\/\/cogitamus.co.uk\/cy\/wp-json\/wp\/v2\/comments?post=5688"}],"version-history":[{"count":3,"href":"https:\/\/cogitamus.co.uk\/cy\/wp-json\/wp\/v2\/pages\/5688\/revisions"}],"predecessor-version":[{"id":5696,"href":"https:\/\/cogitamus.co.uk\/cy\/wp-json\/wp\/v2\/pages\/5688\/revisions\/5696"}],"up":[{"embeddable":true,"href":"https:\/\/cogitamus.co.uk\/cy\/wp-json\/wp\/v2\/pages\/3046"}],"wp:attachment":[{"href":"https:\/\/cogitamus.co.uk\/cy\/wp-json\/wp\/v2\/media?parent=5688"}],"curies":[{"name":"wp","href":"https:\/\/api.w.org\/{rel}","templated":true}]}}