{"id":2999,"date":"2020-04-01T15:43:47","date_gmt":"2020-04-01T15:43:47","guid":{"rendered":"https:\/\/cogitamus.co.uk\/elizabeth-haywood"},"modified":"2021-02-15T15:31:45","modified_gmt":"2021-02-15T15:31:45","slug":"elizabeth-haywood","status":"publish","type":"page","link":"https:\/\/cogitamus.co.uk\/cy\/ein-tim\/elizabeth-haywood","title":{"rendered":"Elizabeth Haywood"},"content":{"rendered":"\t\t<div data-elementor-type=\"wp-page\" data-elementor-id=\"2999\" class=\"elementor elementor-2999\" data-elementor-post-type=\"page\">\n\t\t\t\t\t\t<section class=\"elementor-section elementor-top-section elementor-element elementor-element-9ce26ad elementor-section-content-top elementor-section-boxed elementor-section-height-default elementor-section-height-default\" data-id=\"9ce26ad\" data-element_type=\"section\" data-e-type=\"section\" data-settings=\"{&quot;background_background&quot;:&quot;classic&quot;}\">\n\t\t\t\t\t\t<div class=\"elementor-container elementor-column-gap-default\">\n\t\t\t\t\t<div class=\"elementor-column elementor-col-50 elementor-top-column elementor-element elementor-element-fbd397d\" data-id=\"fbd397d\" data-element_type=\"column\" data-e-type=\"column\">\n\t\t\t<div class=\"elementor-widget-wrap elementor-element-populated\">\n\t\t\t\t\t\t<div class=\"elementor-element elementor-element-374b7a8 elementor-widget elementor-widget-image\" data-id=\"374b7a8\" data-element_type=\"widget\" data-e-type=\"widget\" data-widget_type=\"image.default\">\n\t\t\t\t<div class=\"elementor-widget-container\">\n\t\t\t\t\t\t\t\t\t\t\t\t\t\t\t\t<a href=\"https:\/\/i0.wp.com\/cogitamus.co.uk\/wp-content\/uploads\/2020\/03\/cogi-elisabeth.jpg?ssl=1\" data-elementor-open-lightbox=\"yes\" data-elementor-lightbox-title=\"cogi-Elisabeth\" data-e-action-hash=\"#elementor-action%3Aaction%3Dlightbox%26settings%3DeyJpZCI6MjgwNSwidXJsIjoiaHR0cHM6XC9cL2NvZ2l0YW11cy5jby51a1wvd3AtY29udGVudFwvdXBsb2Fkc1wvMjAyMFwvMDNcL2NvZ2ktZWxpc2FiZXRoLmpwZyJ9\">\n\t\t\t\t\t\t\t<img fetchpriority=\"high\" decoding=\"async\" width=\"600\" height=\"600\" src=\"https:\/\/i0.wp.com\/cogitamus.co.uk\/wp-content\/uploads\/2020\/03\/cogi-elisabeth.jpg?fit=600%2C600&amp;ssl=1\" class=\"attachment-large size-large wp-image-2805\" alt=\"\" srcset=\"https:\/\/i0.wp.com\/cogitamus.co.uk\/wp-content\/uploads\/2020\/03\/cogi-elisabeth.jpg?w=600&amp;ssl=1 600w, https:\/\/i0.wp.com\/cogitamus.co.uk\/wp-content\/uploads\/2020\/03\/cogi-elisabeth.jpg?resize=300%2C300&amp;ssl=1 300w, https:\/\/i0.wp.com\/cogitamus.co.uk\/wp-content\/uploads\/2020\/03\/cogi-elisabeth.jpg?resize=100%2C100&amp;ssl=1 100w\" sizes=\"(max-width: 600px) 100vw, 600px\" \/>\t\t\t\t\t\t\t\t<\/a>\n\t\t\t\t\t\t\t\t\t\t\t\t\t\t\t<\/div>\n\t\t\t\t<\/div>\n\t\t\t\t<div class=\"elementor-element elementor-element-ddddd0b elementor-widget elementor-widget-heading\" data-id=\"ddddd0b\" data-element_type=\"widget\" data-e-type=\"widget\" data-widget_type=\"heading.default\">\n\t\t\t\t<div class=\"elementor-widget-container\">\n\t\t\t\t\t<h3 class=\"elementor-heading-title elementor-size-default\">Cyfarwyddwr Cyswllt<\/h3>\t\t\t\t<\/div>\n\t\t\t\t<\/div>\n\t\t\t\t\t<\/div>\n\t\t<\/div>\n\t\t\t\t<div class=\"elementor-column elementor-col-50 elementor-top-column elementor-element elementor-element-bc3c122\" data-id=\"bc3c122\" data-element_type=\"column\" data-e-type=\"column\">\n\t\t\t<div class=\"elementor-widget-wrap elementor-element-populated\">\n\t\t\t\t\t\t<div class=\"elementor-element elementor-element-922e42f h3 elementor-widget elementor-widget-text-editor\" data-id=\"922e42f\" data-element_type=\"widget\" data-e-type=\"widget\" data-widget_type=\"text-editor.default\">\n\t\t\t\t<div class=\"elementor-widget-container\">\n\t\t\t\t\t\t\t\t\t<p><em>Mae gan Elizabeth 25 mlynedd o brofiad yn y rhyngwyneb rhwng y sectorau preifat a chyhoeddus, yn enwedig mewn diwydiannau a reoleiddir gan gynnwys trafnidiaeth ac ynni.<\/em><\/p>\n\t\t\t\t\t\t\t\t<\/div>\n\t\t\t\t<\/div>\n\t\t\t\t\t<\/div>\n\t\t<\/div>\n\t\t\t\t\t<\/div>\n\t\t<\/section>\n\t\t\t\t<section class=\"elementor-section elementor-top-section elementor-element elementor-element-bfa5d90 elementor-section-boxed elementor-section-height-default elementor-section-height-default\" data-id=\"bfa5d90\" data-element_type=\"section\" data-e-type=\"section\">\n\t\t\t\t\t\t<div class=\"elementor-container elementor-column-gap-default\">\n\t\t\t\t\t<div class=\"elementor-column elementor-col-100 elementor-top-column elementor-element elementor-element-0b95ece\" data-id=\"0b95ece\" data-element_type=\"column\" data-e-type=\"column\">\n\t\t\t<div class=\"elementor-widget-wrap elementor-element-populated\">\n\t\t\t\t\t\t<div class=\"elementor-element elementor-element-03c0f64 elementor-widget elementor-widget-text-editor\" data-id=\"03c0f64\" data-element_type=\"widget\" data-e-type=\"widget\" data-widget_type=\"text-editor.default\">\n\t\t\t\t<div class=\"elementor-widget-container\">\n\t\t\t\t\t\t\t\t\t<p><span style=\"font-family: 'Inter var', -apple-system, BlinkMacSystemFont, 'San Francisco', Roboto, 'Segoe UI', 'Helvetica Neue', sans-serif; font-size: 1.6rem; letter-spacing: -0.011em; word-spacing: -0.05em;\">Yn gyn Gyfarwyddwr CBI Cymru, Elizabeth a arweiniodd y sefydliad drwy ymgyrch datganoli diwedd y 1990au, gan sicrhau bod y CBI wedi dod yn gorff uchel ei barch a chanddo r\u00f4l ddylanwadol gref yn y Cynulliad newydd yng Nghymru. Enillodd gryn dipyn o amlygiad i&#8217;r cyfryngau fel llefarydd y sefydliad, a barhaodd yn ei r\u00f4l nesaf fel Cyfarwyddwr Cyfathrebu i Gymdeithas y cwmn\u00efau tr\u00ean, ATOC.<\/span><\/p>\n<p><!-- \/wp:paragraph --><!-- wp:paragraph --><\/p>\n<p>Yma, bu Elizabeth yn gweithredu fel llefarydd ar ran y cyfryngau teithwyr drwy gydol ymchwiliad Ladbroke Grove ar ddamweiniau, gan ymddangos ar deledu a radio rhwydwaith amser-iawn, a hyrwyddo cynigion drwy&#8217;r wasg i fynd i&#8217;r afael \u00e2 methiannau proses a oedd wedi digwydd. Gweithredodd fel llefarydd, cododd broffil ATOC yn genedlaethol, datblygodd sianelau cyfathrebu newydd i roi gwybodaeth ffeithiol i lunwyr barn am y rheilffyrdd, gan gychwyn a gwella cysylltiadau \u00e2 chyrff rheilffordd y tu allan i&#8217;r aelodaeth (e.e. teithiwr rheilffordd Cynghorau, undebau llafur).<\/p>\n<p><!-- \/wp:paragraph --><!-- wp:paragraph --><\/p>\n<p>Ar \u00f4l gadael ATOC, ymunodd Elizabeth \u00e2 chwmni prif gwmni hela fel Rheolwr Gyfarwyddwr ac roedd yn arbenigo mewn recriwtio ar gyfer uwch swyddi yn y sector trafnidiaeth o&#8217;r Adran Drafnidiaeth i&#8217;r gwasanaeth cenedlaethol rheoli traffig awyr (NATS). Yn 2008, sefydlodd ei ymgynghoriaeth ei hun ac mae wedi gweithio ar nifer o ymgyrchoedd yn ymwneud \u00e2&#8217;r rheilffyrdd gan gynnwys partneriaeth y Great Western (ar gyfer trydaneiddio&#8217;r GWML) a datblygu&#8217;r strategaeth gyfathrebu ar gyfer trydaneiddio rheilffordd Gogledd Cymru tra ar y Tasglu Gweinidogion Cymru ar gyfer trafnidiaeth.<\/p>\n<p><!-- \/wp:paragraph --><!-- wp:paragraph --><\/p>\n<p>Yn 2012, penodwyd Elizabeth gan Weinidog Busnes Cymru i gadeirio gr\u0175p gorchwyl &amp; Gorffen ar ddinas-ranbarthau, a oedd yn adrodd ym mis Gorffennaf yr un flwyddyn, ac mae hi bellach yn eistedd ar fyrddau rhwydweithiau ynni Scottish Power, Leonard Cheshire Disability, Cyfoeth Naturiol Cymru a Gr\u0175p Hendre.<\/p>\n\t\t\t\t\t\t\t\t<\/div>\n\t\t\t\t<\/div>\n\t\t\t\t\t<\/div>\n\t\t<\/div>\n\t\t\t\t\t<\/div>\n\t\t<\/section>\n\t\t\t\t<\/div>\n\t\t","protected":false},"excerpt":{"rendered":"<p>Cyfarwyddwr Cyswllt Mae gan Elizabeth 25 mlynedd o brofiad yn y rhyngwyneb rhwng y sectorau preifat a chyhoeddus, yn enwedig mewn diwydiannau a reoleiddir gan gynnwys trafnidiaeth ac ynni. Yn gyn Gyfarwyddwr CBI Cymru, Elizabeth a arweiniodd y sefydliad drwy ymgyrch datganoli diwedd y 1990au, gan sicrhau bod y CBI wedi dod yn gorff uchel [&hellip;]<\/p>\n","protected":false},"author":1,"featured_media":3001,"parent":3046,"menu_order":15,"comment_status":"closed","ping_status":"closed","template":"","meta":{"inline_featured_image":false,"_monsterinsights_skip_tracking":false,"_monsterinsights_sitenote_active":false,"_monsterinsights_sitenote_note":"","_monsterinsights_sitenote_category":0,"footnotes":""},"class_list":["post-2999","page","type-page","status-publish","has-post-thumbnail","hentry"],"yoast_head":"<!-- This site is optimized with the Yoast SEO plugin v27.4 - https:\/\/yoast.com\/product\/yoast-seo-wordpress\/ -->\n<title>Elizabeth Haywood - Cogitamus<\/title>\n<meta name=\"robots\" content=\"noindex, follow\" \/>\n<meta property=\"og:locale\" content=\"cy_GB\" \/>\n<meta property=\"og:type\" content=\"article\" \/>\n<meta property=\"og:title\" content=\"Elizabeth Haywood - Cogitamus\" \/>\n<meta property=\"og:description\" content=\"Cyfarwyddwr Cyswllt Mae gan Elizabeth 25 mlynedd o brofiad yn y rhyngwyneb rhwng y sectorau preifat a chyhoeddus, yn enwedig mewn diwydiannau a reoleiddir gan gynnwys trafnidiaeth ac ynni. Yn gyn Gyfarwyddwr CBI Cymru, Elizabeth a arweiniodd y sefydliad drwy ymgyrch datganoli diwedd y 1990au, gan sicrhau bod y CBI wedi dod yn gorff uchel [&hellip;]\" \/>\n<meta property=\"og:url\" content=\"https:\/\/cogitamus.co.uk\/cy\/ein-tim\/elizabeth-haywood\" \/>\n<meta property=\"og:site_name\" content=\"Cogitamus\" \/>\n<meta property=\"article:modified_time\" content=\"2021-02-15T15:31:45+00:00\" \/>\n<meta property=\"og:image\" content=\"https:\/\/cogitamus.co.uk\/wp-content\/uploads\/2016\/09\/elizabeth_headshot.jpg\" \/>\n\t<meta property=\"og:image:width\" content=\"800\" \/>\n\t<meta property=\"og:image:height\" content=\"662\" \/>\n\t<meta property=\"og:image:type\" content=\"image\/jpeg\" \/>\n<meta name=\"twitter:label1\" content=\"Est. reading time\" \/>\n\t<meta name=\"twitter:data1\" content=\"2 minutes\" \/>\n<script type=\"application\/ld+json\" class=\"yoast-schema-graph\">{\"@context\":\"https:\\\/\\\/schema.org\",\"@graph\":[{\"@type\":\"WebPage\",\"@id\":\"https:\\\/\\\/cogitamus.co.uk\\\/cy\\\/ein-tim\\\/elizabeth-haywood\",\"url\":\"https:\\\/\\\/cogitamus.co.uk\\\/cy\\\/ein-tim\\\/elizabeth-haywood\",\"name\":\"Elizabeth Haywood - Cogitamus\",\"isPartOf\":{\"@id\":\"https:\\\/\\\/cogitamus.co.uk\\\/cy#website\"},\"primaryImageOfPage\":{\"@id\":\"https:\\\/\\\/cogitamus.co.uk\\\/cy\\\/ein-tim\\\/elizabeth-haywood#primaryimage\"},\"image\":{\"@id\":\"https:\\\/\\\/cogitamus.co.uk\\\/cy\\\/ein-tim\\\/elizabeth-haywood#primaryimage\"},\"thumbnailUrl\":\"https:\\\/\\\/i0.wp.com\\\/cogitamus.co.uk\\\/wp-content\\\/uploads\\\/2016\\\/09\\\/elizabeth_headshot.jpg?fit=800%2C662&ssl=1\",\"datePublished\":\"2020-04-01T15:43:47+00:00\",\"dateModified\":\"2021-02-15T15:31:45+00:00\",\"breadcrumb\":{\"@id\":\"https:\\\/\\\/cogitamus.co.uk\\\/cy\\\/ein-tim\\\/elizabeth-haywood#breadcrumb\"},\"inLanguage\":\"cy-GB\",\"potentialAction\":[{\"@type\":\"ReadAction\",\"target\":[\"https:\\\/\\\/cogitamus.co.uk\\\/cy\\\/ein-tim\\\/elizabeth-haywood\"]}]},{\"@type\":\"ImageObject\",\"inLanguage\":\"cy-GB\",\"@id\":\"https:\\\/\\\/cogitamus.co.uk\\\/cy\\\/ein-tim\\\/elizabeth-haywood#primaryimage\",\"url\":\"https:\\\/\\\/i0.wp.com\\\/cogitamus.co.uk\\\/wp-content\\\/uploads\\\/2016\\\/09\\\/elizabeth_headshot.jpg?fit=800%2C662&ssl=1\",\"contentUrl\":\"https:\\\/\\\/i0.wp.com\\\/cogitamus.co.uk\\\/wp-content\\\/uploads\\\/2016\\\/09\\\/elizabeth_headshot.jpg?fit=800%2C662&ssl=1\",\"width\":800,\"height\":662},{\"@type\":\"BreadcrumbList\",\"@id\":\"https:\\\/\\\/cogitamus.co.uk\\\/cy\\\/ein-tim\\\/elizabeth-haywood#breadcrumb\",\"itemListElement\":[{\"@type\":\"ListItem\",\"position\":1,\"name\":\"Home\",\"item\":\"https:\\\/\\\/cogitamus.co.uk\\\/cy\"},{\"@type\":\"ListItem\",\"position\":2,\"name\":\"Ein t\u00eem\",\"item\":\"https:\\\/\\\/cogitamus.co.uk\\\/cy\\\/biographies\"},{\"@type\":\"ListItem\",\"position\":3,\"name\":\"Elizabeth Haywood\"}]},{\"@type\":\"WebSite\",\"@id\":\"https:\\\/\\\/cogitamus.co.uk\\\/cy#website\",\"url\":\"https:\\\/\\\/cogitamus.co.uk\\\/cy\",\"name\":\"Cogitamus\",\"description\":\"think. plan. do.\",\"potentialAction\":[{\"@type\":\"SearchAction\",\"target\":{\"@type\":\"EntryPoint\",\"urlTemplate\":\"https:\\\/\\\/cogitamus.co.uk\\\/cy?s={search_term_string}\"},\"query-input\":{\"@type\":\"PropertyValueSpecification\",\"valueRequired\":true,\"valueName\":\"search_term_string\"}}],\"inLanguage\":\"cy-GB\"}]}<\/script>\n<!-- \/ Yoast SEO plugin. -->","yoast_head_json":{"title":"Elizabeth Haywood - Cogitamus","robots":{"index":"noindex","follow":"follow"},"og_locale":"cy_GB","og_type":"article","og_title":"Elizabeth Haywood - Cogitamus","og_description":"Cyfarwyddwr Cyswllt Mae gan Elizabeth 25 mlynedd o brofiad yn y rhyngwyneb rhwng y sectorau preifat a chyhoeddus, yn enwedig mewn diwydiannau a reoleiddir gan gynnwys trafnidiaeth ac ynni. Yn gyn Gyfarwyddwr CBI Cymru, Elizabeth a arweiniodd y sefydliad drwy ymgyrch datganoli diwedd y 1990au, gan sicrhau bod y CBI wedi dod yn gorff uchel [&hellip;]","og_url":"https:\/\/cogitamus.co.uk\/cy\/ein-tim\/elizabeth-haywood","og_site_name":"Cogitamus","article_modified_time":"2021-02-15T15:31:45+00:00","og_image":[{"width":800,"height":662,"url":"https:\/\/cogitamus.co.uk\/wp-content\/uploads\/2016\/09\/elizabeth_headshot.jpg","type":"image\/jpeg"}],"twitter_misc":{"Est. reading time":"2 minutes"},"schema":{"@context":"https:\/\/schema.org","@graph":[{"@type":"WebPage","@id":"https:\/\/cogitamus.co.uk\/cy\/ein-tim\/elizabeth-haywood","url":"https:\/\/cogitamus.co.uk\/cy\/ein-tim\/elizabeth-haywood","name":"Elizabeth Haywood - Cogitamus","isPartOf":{"@id":"https:\/\/cogitamus.co.uk\/cy#website"},"primaryImageOfPage":{"@id":"https:\/\/cogitamus.co.uk\/cy\/ein-tim\/elizabeth-haywood#primaryimage"},"image":{"@id":"https:\/\/cogitamus.co.uk\/cy\/ein-tim\/elizabeth-haywood#primaryimage"},"thumbnailUrl":"https:\/\/i0.wp.com\/cogitamus.co.uk\/wp-content\/uploads\/2016\/09\/elizabeth_headshot.jpg?fit=800%2C662&ssl=1","datePublished":"2020-04-01T15:43:47+00:00","dateModified":"2021-02-15T15:31:45+00:00","breadcrumb":{"@id":"https:\/\/cogitamus.co.uk\/cy\/ein-tim\/elizabeth-haywood#breadcrumb"},"inLanguage":"cy-GB","potentialAction":[{"@type":"ReadAction","target":["https:\/\/cogitamus.co.uk\/cy\/ein-tim\/elizabeth-haywood"]}]},{"@type":"ImageObject","inLanguage":"cy-GB","@id":"https:\/\/cogitamus.co.uk\/cy\/ein-tim\/elizabeth-haywood#primaryimage","url":"https:\/\/i0.wp.com\/cogitamus.co.uk\/wp-content\/uploads\/2016\/09\/elizabeth_headshot.jpg?fit=800%2C662&ssl=1","contentUrl":"https:\/\/i0.wp.com\/cogitamus.co.uk\/wp-content\/uploads\/2016\/09\/elizabeth_headshot.jpg?fit=800%2C662&ssl=1","width":800,"height":662},{"@type":"BreadcrumbList","@id":"https:\/\/cogitamus.co.uk\/cy\/ein-tim\/elizabeth-haywood#breadcrumb","itemListElement":[{"@type":"ListItem","position":1,"name":"Home","item":"https:\/\/cogitamus.co.uk\/cy"},{"@type":"ListItem","position":2,"name":"Ein t\u00eem","item":"https:\/\/cogitamus.co.uk\/cy\/biographies"},{"@type":"ListItem","position":3,"name":"Elizabeth Haywood"}]},{"@type":"WebSite","@id":"https:\/\/cogitamus.co.uk\/cy#website","url":"https:\/\/cogitamus.co.uk\/cy","name":"Cogitamus","description":"think. plan. do.","potentialAction":[{"@type":"SearchAction","target":{"@type":"EntryPoint","urlTemplate":"https:\/\/cogitamus.co.uk\/cy?s={search_term_string}"},"query-input":{"@type":"PropertyValueSpecification","valueRequired":true,"valueName":"search_term_string"}}],"inLanguage":"cy-GB"}]}},"jetpack_sharing_enabled":true,"_links":{"self":[{"href":"https:\/\/cogitamus.co.uk\/cy\/wp-json\/wp\/v2\/pages\/2999","targetHints":{"allow":["GET"]}}],"collection":[{"href":"https:\/\/cogitamus.co.uk\/cy\/wp-json\/wp\/v2\/pages"}],"about":[{"href":"https:\/\/cogitamus.co.uk\/cy\/wp-json\/wp\/v2\/types\/page"}],"author":[{"embeddable":true,"href":"https:\/\/cogitamus.co.uk\/cy\/wp-json\/wp\/v2\/users\/1"}],"replies":[{"embeddable":true,"href":"https:\/\/cogitamus.co.uk\/cy\/wp-json\/wp\/v2\/comments?post=2999"}],"version-history":[{"count":0,"href":"https:\/\/cogitamus.co.uk\/cy\/wp-json\/wp\/v2\/pages\/2999\/revisions"}],"up":[{"embeddable":true,"href":"https:\/\/cogitamus.co.uk\/cy\/wp-json\/wp\/v2\/pages\/3046"}],"wp:featuredmedia":[{"embeddable":true,"href":"https:\/\/cogitamus.co.uk\/cy\/wp-json\/wp\/v2\/media\/3001"}],"wp:attachment":[{"href":"https:\/\/cogitamus.co.uk\/cy\/wp-json\/wp\/v2\/media?parent=2999"}],"curies":[{"name":"wp","href":"https:\/\/api.w.org\/{rel}","templated":true}]}}