{"id":2981,"date":"2020-04-01T15:17:20","date_gmt":"2020-04-01T15:17:20","guid":{"rendered":"https:\/\/cogitamus.co.uk\/ian-lucus"},"modified":"2021-02-15T15:32:50","modified_gmt":"2021-02-15T15:32:50","slug":"ian-lucas","status":"publish","type":"page","link":"https:\/\/cogitamus.co.uk\/cy\/ein-tim\/ian-lucas","title":{"rendered":"Ian Lucas"},"content":{"rendered":"\t\t<div data-elementor-type=\"wp-page\" data-elementor-id=\"2981\" class=\"elementor elementor-2981\" data-elementor-post-type=\"page\">\n\t\t\t\t\t\t<section class=\"elementor-section elementor-top-section elementor-element elementor-element-85b0bb1 elementor-section-content-top elementor-section-boxed elementor-section-height-default elementor-section-height-default\" data-id=\"85b0bb1\" data-element_type=\"section\" data-e-type=\"section\" data-settings=\"{&quot;background_background&quot;:&quot;classic&quot;}\">\n\t\t\t\t\t\t<div class=\"elementor-container elementor-column-gap-default\">\n\t\t\t\t\t<div class=\"elementor-column elementor-col-50 elementor-top-column elementor-element elementor-element-46cf6cc\" data-id=\"46cf6cc\" data-element_type=\"column\" data-e-type=\"column\">\n\t\t\t<div class=\"elementor-widget-wrap elementor-element-populated\">\n\t\t\t\t\t\t<div class=\"elementor-element elementor-element-901d58a elementor-widget elementor-widget-image\" data-id=\"901d58a\" data-element_type=\"widget\" data-e-type=\"widget\" data-widget_type=\"image.default\">\n\t\t\t\t<div class=\"elementor-widget-container\">\n\t\t\t\t\t\t\t\t\t\t\t\t\t\t\t\t<a href=\"https:\/\/i0.wp.com\/cogitamus.co.uk\/wp-content\/uploads\/2020\/03\/cogi-ian.jpg?ssl=1\" data-elementor-open-lightbox=\"yes\" data-elementor-lightbox-title=\"cogi-Ian\" data-e-action-hash=\"#elementor-action%3Aaction%3Dlightbox%26settings%3DeyJpZCI6Mjg3MywidXJsIjoiaHR0cHM6XC9cL2NvZ2l0YW11cy5jby51a1wvd3AtY29udGVudFwvdXBsb2Fkc1wvMjAyMFwvMDNcL2NvZ2ktaWFuLmpwZyJ9\">\n\t\t\t\t\t\t\t<img fetchpriority=\"high\" decoding=\"async\" width=\"300\" height=\"300\" src=\"https:\/\/i0.wp.com\/cogitamus.co.uk\/wp-content\/uploads\/2020\/03\/cogi-ian.jpg?fit=300%2C300&amp;ssl=1\" class=\"attachment-medium size-medium wp-image-2873\" alt=\"\" srcset=\"https:\/\/i0.wp.com\/cogitamus.co.uk\/wp-content\/uploads\/2020\/03\/cogi-ian.jpg?w=600&amp;ssl=1 600w, https:\/\/i0.wp.com\/cogitamus.co.uk\/wp-content\/uploads\/2020\/03\/cogi-ian.jpg?resize=300%2C300&amp;ssl=1 300w, https:\/\/i0.wp.com\/cogitamus.co.uk\/wp-content\/uploads\/2020\/03\/cogi-ian.jpg?resize=100%2C100&amp;ssl=1 100w\" sizes=\"(max-width: 300px) 100vw, 300px\" \/>\t\t\t\t\t\t\t\t<\/a>\n\t\t\t\t\t\t\t\t\t\t\t\t\t\t\t<\/div>\n\t\t\t\t<\/div>\n\t\t\t\t<div class=\"elementor-element elementor-element-9e03567 elementor-widget elementor-widget-heading\" data-id=\"9e03567\" data-element_type=\"widget\" data-e-type=\"widget\" data-widget_type=\"heading.default\">\n\t\t\t\t<div class=\"elementor-widget-container\">\n\t\t\t\t\t<h3 class=\"elementor-heading-title elementor-size-default\">Cynghorydd &amp; Senedd y Senedd<\/h3>\t\t\t\t<\/div>\n\t\t\t\t<\/div>\n\t\t\t\t\t<\/div>\n\t\t<\/div>\n\t\t\t\t<div class=\"elementor-column elementor-col-50 elementor-top-column elementor-element elementor-element-543df10\" data-id=\"543df10\" data-element_type=\"column\" data-e-type=\"column\">\n\t\t\t<div class=\"elementor-widget-wrap elementor-element-populated\">\n\t\t\t\t\t\t<div class=\"elementor-element elementor-element-b6aedce h3 elementor-widget elementor-widget-text-editor\" data-id=\"b6aedce\" data-element_type=\"widget\" data-e-type=\"widget\" data-widget_type=\"text-editor.default\">\n\t\t\t\t<div class=\"elementor-widget-container\">\n\t\t\t\t\t\t\t\t\t<p><em>Ymunodd Ian \u00e2 Cogitamus yn 2020 ar \u00f4l ymddeol o Senedd y DU ar \u00f4l cael ei hethol bum gwaith i wasanaethu fel Aelod Seneddol Wrecsam yn Nh\u0177&#8217;r cyffredin rhwng 2001 a 2019.<br \/>\n<\/em><\/p>\n\t\t\t\t\t\t\t\t<\/div>\n\t\t\t\t<\/div>\n\t\t\t\t\t<\/div>\n\t\t<\/div>\n\t\t\t\t\t<\/div>\n\t\t<\/section>\n\t\t\t\t<section class=\"elementor-section elementor-top-section elementor-element elementor-element-b655e22 elementor-section-boxed elementor-section-height-default elementor-section-height-default\" data-id=\"b655e22\" data-element_type=\"section\" data-e-type=\"section\">\n\t\t\t\t\t\t<div class=\"elementor-container elementor-column-gap-default\">\n\t\t\t\t\t<div class=\"elementor-column elementor-col-100 elementor-top-column elementor-element elementor-element-ced74ad\" data-id=\"ced74ad\" data-element_type=\"column\" data-e-type=\"column\">\n\t\t\t<div class=\"elementor-widget-wrap elementor-element-populated\">\n\t\t\t\t\t\t<div class=\"elementor-element elementor-element-aa45a5a elementor-widget elementor-widget-text-editor\" data-id=\"aa45a5a\" data-element_type=\"widget\" data-e-type=\"widget\" data-widget_type=\"text-editor.default\">\n\t\t\t\t<div class=\"elementor-widget-container\">\n\t\t\t\t\t\t\t\t\t<p class=\"p1\"><span class=\"s1\">Fel cyfreithiwr cymwys a phrofiadol iawn cyn mynd i&#8217;r Senedd, mae gyrfa wleidyddol Ian yn cynnwys:<\/span><\/p>\n<ul class=\"ul1\">\n<li class=\"li2\"><span class=\"s1\">Mae&#8217;n gwasanaethu fel Gweinidog y DU dros y sectorau modurol ac awyrofod, adeiladu, materion corfforaethol, Diwygio Rheoleiddiol a pholisi diwydiannol gweithredol yn y Llywodraeth Lafur o dan arweiniad y Prif Weinidog Gordon Brown<\/span><\/li>\n<li class=\"li2\"><span class=\"s1\">Cyfrifoldeb fel chwip y Llywodraeth ar gyfer rheoli busnes seneddol yn ymwneud \u00e2&#8217;r Weinyddiaeth Gyfiawnder a Swyddfa&#8217;r Cabinet<\/span><\/li>\n<li class=\"li2\"><span class=\"s1\">Sefydlu a chadeirio&#8217;r gr\u0175p seneddol hollbleidiol ar gyfer datblygu economaidd yng Ngogledd Cymru a Gogledd-orllewin Lloegr er mwyn gwella&#8217;r seilwaith gan gynnwys y rheilffyrdd, ffyrdd a band eang, gan weithio&#8217;n drawsbleidiol gydag Aelodau Seneddol, aelod o Gynulliad Cenedlaethol Cymru, y DU a Gweinidogion Cymru, arweinwyr Llywodraeth Leol a&#8217;r diwydiant<\/span><\/li>\n<li class=\"li1\"><span class=\"s1\">Aelodaeth o bwyllgorau dethol Ty&#8217;r cyffredin sy&#8217;n gyfrifol am faterion trafnidiaeth a digidol, diwylliant, y cyfryngau a chwaraeon<\/span><\/li>\n<\/ul>\n<p class=\"p3\"><span class=\"s1\">Mae gan Ian radd BA yn y gyfraith o Brifysgol Rhydychen.<\/span><\/p>\n\t\t\t\t\t\t\t\t<\/div>\n\t\t\t\t<\/div>\n\t\t\t\t\t<\/div>\n\t\t<\/div>\n\t\t\t\t\t<\/div>\n\t\t<\/section>\n\t\t\t\t<\/div>\n\t\t","protected":false},"excerpt":{"rendered":"<p>Cynghorydd &amp; Senedd y Senedd Ymunodd Ian \u00e2 Cogitamus yn 2020 ar \u00f4l ymddeol o Senedd y DU ar \u00f4l cael ei hethol bum gwaith i wasanaethu fel Aelod Seneddol Wrecsam yn Nh\u0177&#8217;r cyffredin rhwng 2001 a 2019. Fel cyfreithiwr cymwys a phrofiadol iawn cyn mynd i&#8217;r Senedd, mae gyrfa wleidyddol Ian yn cynnwys: Mae&#8217;n [&hellip;]<\/p>\n","protected":false},"author":1,"featured_media":0,"parent":3046,"menu_order":0,"comment_status":"closed","ping_status":"closed","template":"","meta":{"inline_featured_image":false,"_monsterinsights_skip_tracking":false,"_monsterinsights_sitenote_active":false,"_monsterinsights_sitenote_note":"","_monsterinsights_sitenote_category":0,"footnotes":""},"class_list":["post-2981","page","type-page","status-publish","hentry"],"yoast_head":"<!-- This site is optimized with the Yoast SEO plugin v27.5 - https:\/\/yoast.com\/product\/yoast-seo-wordpress\/ -->\n<title>Ian Lucas - Cogitamus<\/title>\n<meta name=\"robots\" content=\"noindex, follow\" \/>\n<meta property=\"og:locale\" content=\"cy_GB\" \/>\n<meta property=\"og:type\" content=\"article\" \/>\n<meta property=\"og:title\" content=\"Ian Lucas - Cogitamus\" \/>\n<meta property=\"og:description\" content=\"Cynghorydd &amp; Senedd y Senedd Ymunodd Ian \u00e2 Cogitamus yn 2020 ar \u00f4l ymddeol o Senedd y DU ar \u00f4l cael ei hethol bum gwaith i wasanaethu fel Aelod Seneddol Wrecsam yn Nh\u0177&#8217;r cyffredin rhwng 2001 a 2019. Fel cyfreithiwr cymwys a phrofiadol iawn cyn mynd i&#8217;r Senedd, mae gyrfa wleidyddol Ian yn cynnwys: Mae&#8217;n [&hellip;]\" \/>\n<meta property=\"og:url\" content=\"https:\/\/cogitamus.co.uk\/cy\/ein-tim\/ian-lucas\" \/>\n<meta property=\"og:site_name\" content=\"Cogitamus\" \/>\n<meta property=\"article:modified_time\" content=\"2021-02-15T15:32:50+00:00\" \/>\n<meta property=\"og:image\" content=\"https:\/\/cogitamus.co.uk\/wp-content\/uploads\/2020\/03\/cogi-ian-300x300.jpg\" \/>\n<meta name=\"twitter:label1\" content=\"Est. reading time\" \/>\n\t<meta name=\"twitter:data1\" content=\"1 minute\" \/>\n<script type=\"application\/ld+json\" class=\"yoast-schema-graph\">{\"@context\":\"https:\\\/\\\/schema.org\",\"@graph\":[{\"@type\":\"WebPage\",\"@id\":\"https:\\\/\\\/cogitamus.co.uk\\\/cy\\\/ein-tim\\\/ian-lucas\",\"url\":\"https:\\\/\\\/cogitamus.co.uk\\\/cy\\\/ein-tim\\\/ian-lucas\",\"name\":\"Ian Lucas - Cogitamus\",\"isPartOf\":{\"@id\":\"https:\\\/\\\/cogitamus.co.uk\\\/cy#website\"},\"primaryImageOfPage\":{\"@id\":\"https:\\\/\\\/cogitamus.co.uk\\\/cy\\\/ein-tim\\\/ian-lucas#primaryimage\"},\"image\":{\"@id\":\"https:\\\/\\\/cogitamus.co.uk\\\/cy\\\/ein-tim\\\/ian-lucas#primaryimage\"},\"thumbnailUrl\":\"https:\\\/\\\/cogitamus.co.uk\\\/wp-content\\\/uploads\\\/2020\\\/03\\\/cogi-ian-300x300.jpg\",\"datePublished\":\"2020-04-01T15:17:20+00:00\",\"dateModified\":\"2021-02-15T15:32:50+00:00\",\"breadcrumb\":{\"@id\":\"https:\\\/\\\/cogitamus.co.uk\\\/cy\\\/ein-tim\\\/ian-lucas#breadcrumb\"},\"inLanguage\":\"cy-GB\",\"potentialAction\":[{\"@type\":\"ReadAction\",\"target\":[\"https:\\\/\\\/cogitamus.co.uk\\\/cy\\\/ein-tim\\\/ian-lucas\"]}]},{\"@type\":\"ImageObject\",\"inLanguage\":\"cy-GB\",\"@id\":\"https:\\\/\\\/cogitamus.co.uk\\\/cy\\\/ein-tim\\\/ian-lucas#primaryimage\",\"url\":\"https:\\\/\\\/cogitamus.co.uk\\\/wp-content\\\/uploads\\\/2020\\\/03\\\/cogi-ian-300x300.jpg\",\"contentUrl\":\"https:\\\/\\\/cogitamus.co.uk\\\/wp-content\\\/uploads\\\/2020\\\/03\\\/cogi-ian-300x300.jpg\"},{\"@type\":\"BreadcrumbList\",\"@id\":\"https:\\\/\\\/cogitamus.co.uk\\\/cy\\\/ein-tim\\\/ian-lucas#breadcrumb\",\"itemListElement\":[{\"@type\":\"ListItem\",\"position\":1,\"name\":\"Home\",\"item\":\"https:\\\/\\\/cogitamus.co.uk\\\/cy\"},{\"@type\":\"ListItem\",\"position\":2,\"name\":\"Ein t\u00eem\",\"item\":\"https:\\\/\\\/cogitamus.co.uk\\\/cy\\\/biographies\"},{\"@type\":\"ListItem\",\"position\":3,\"name\":\"Ian Lucas\"}]},{\"@type\":\"WebSite\",\"@id\":\"https:\\\/\\\/cogitamus.co.uk\\\/cy#website\",\"url\":\"https:\\\/\\\/cogitamus.co.uk\\\/cy\",\"name\":\"Cogitamus\",\"description\":\"think. plan. do.\",\"potentialAction\":[{\"@type\":\"SearchAction\",\"target\":{\"@type\":\"EntryPoint\",\"urlTemplate\":\"https:\\\/\\\/cogitamus.co.uk\\\/cy?s={search_term_string}\"},\"query-input\":{\"@type\":\"PropertyValueSpecification\",\"valueRequired\":true,\"valueName\":\"search_term_string\"}}],\"inLanguage\":\"cy-GB\"}]}<\/script>\n<!-- \/ Yoast SEO plugin. -->","yoast_head_json":{"title":"Ian Lucas - Cogitamus","robots":{"index":"noindex","follow":"follow"},"og_locale":"cy_GB","og_type":"article","og_title":"Ian Lucas - Cogitamus","og_description":"Cynghorydd &amp; Senedd y Senedd Ymunodd Ian \u00e2 Cogitamus yn 2020 ar \u00f4l ymddeol o Senedd y DU ar \u00f4l cael ei hethol bum gwaith i wasanaethu fel Aelod Seneddol Wrecsam yn Nh\u0177&#8217;r cyffredin rhwng 2001 a 2019. Fel cyfreithiwr cymwys a phrofiadol iawn cyn mynd i&#8217;r Senedd, mae gyrfa wleidyddol Ian yn cynnwys: Mae&#8217;n [&hellip;]","og_url":"https:\/\/cogitamus.co.uk\/cy\/ein-tim\/ian-lucas","og_site_name":"Cogitamus","article_modified_time":"2021-02-15T15:32:50+00:00","og_image":[{"url":"https:\/\/cogitamus.co.uk\/wp-content\/uploads\/2020\/03\/cogi-ian-300x300.jpg","type":"","width":"","height":""}],"twitter_misc":{"Est. reading time":"1 minute"},"schema":{"@context":"https:\/\/schema.org","@graph":[{"@type":"WebPage","@id":"https:\/\/cogitamus.co.uk\/cy\/ein-tim\/ian-lucas","url":"https:\/\/cogitamus.co.uk\/cy\/ein-tim\/ian-lucas","name":"Ian Lucas - Cogitamus","isPartOf":{"@id":"https:\/\/cogitamus.co.uk\/cy#website"},"primaryImageOfPage":{"@id":"https:\/\/cogitamus.co.uk\/cy\/ein-tim\/ian-lucas#primaryimage"},"image":{"@id":"https:\/\/cogitamus.co.uk\/cy\/ein-tim\/ian-lucas#primaryimage"},"thumbnailUrl":"https:\/\/cogitamus.co.uk\/wp-content\/uploads\/2020\/03\/cogi-ian-300x300.jpg","datePublished":"2020-04-01T15:17:20+00:00","dateModified":"2021-02-15T15:32:50+00:00","breadcrumb":{"@id":"https:\/\/cogitamus.co.uk\/cy\/ein-tim\/ian-lucas#breadcrumb"},"inLanguage":"cy-GB","potentialAction":[{"@type":"ReadAction","target":["https:\/\/cogitamus.co.uk\/cy\/ein-tim\/ian-lucas"]}]},{"@type":"ImageObject","inLanguage":"cy-GB","@id":"https:\/\/cogitamus.co.uk\/cy\/ein-tim\/ian-lucas#primaryimage","url":"https:\/\/cogitamus.co.uk\/wp-content\/uploads\/2020\/03\/cogi-ian-300x300.jpg","contentUrl":"https:\/\/cogitamus.co.uk\/wp-content\/uploads\/2020\/03\/cogi-ian-300x300.jpg"},{"@type":"BreadcrumbList","@id":"https:\/\/cogitamus.co.uk\/cy\/ein-tim\/ian-lucas#breadcrumb","itemListElement":[{"@type":"ListItem","position":1,"name":"Home","item":"https:\/\/cogitamus.co.uk\/cy"},{"@type":"ListItem","position":2,"name":"Ein t\u00eem","item":"https:\/\/cogitamus.co.uk\/cy\/biographies"},{"@type":"ListItem","position":3,"name":"Ian Lucas"}]},{"@type":"WebSite","@id":"https:\/\/cogitamus.co.uk\/cy#website","url":"https:\/\/cogitamus.co.uk\/cy","name":"Cogitamus","description":"think. plan. do.","potentialAction":[{"@type":"SearchAction","target":{"@type":"EntryPoint","urlTemplate":"https:\/\/cogitamus.co.uk\/cy?s={search_term_string}"},"query-input":{"@type":"PropertyValueSpecification","valueRequired":true,"valueName":"search_term_string"}}],"inLanguage":"cy-GB"}]}},"jetpack_sharing_enabled":true,"_links":{"self":[{"href":"https:\/\/cogitamus.co.uk\/cy\/wp-json\/wp\/v2\/pages\/2981","targetHints":{"allow":["GET"]}}],"collection":[{"href":"https:\/\/cogitamus.co.uk\/cy\/wp-json\/wp\/v2\/pages"}],"about":[{"href":"https:\/\/cogitamus.co.uk\/cy\/wp-json\/wp\/v2\/types\/page"}],"author":[{"embeddable":true,"href":"https:\/\/cogitamus.co.uk\/cy\/wp-json\/wp\/v2\/users\/1"}],"replies":[{"embeddable":true,"href":"https:\/\/cogitamus.co.uk\/cy\/wp-json\/wp\/v2\/comments?post=2981"}],"version-history":[{"count":0,"href":"https:\/\/cogitamus.co.uk\/cy\/wp-json\/wp\/v2\/pages\/2981\/revisions"}],"up":[{"embeddable":true,"href":"https:\/\/cogitamus.co.uk\/cy\/wp-json\/wp\/v2\/pages\/3046"}],"wp:attachment":[{"href":"https:\/\/cogitamus.co.uk\/cy\/wp-json\/wp\/v2\/media?parent=2981"}],"curies":[{"name":"wp","href":"https:\/\/api.w.org\/{rel}","templated":true}]}}